{"id":42,"date":"2022-08-04T04:22:10","date_gmt":"2022-08-04T04:22:10","guid":{"rendered":"https:\/\/leapfrogbio.wpengine.com\/?page_id=42"},"modified":"2025-12-01T13:25:50","modified_gmt":"2025-12-01T21:25:50","slug":"science","status":"publish","type":"page","link":"https:\/\/www.leapfrog.bio\/fr\/science\/","title":{"rendered":"Recherche"},"content":{"rendered":"<p><div class=\"fusion-bg-parallax\" data-bg-align=\"center bottom\" data-direction=\"right\" data-mute=\"false\" data-opacity=\"100\" data-velocity=\"-0.5\" data-mobile-enabled=\"false\" data-break_parents=\"0\" data-bg-image=\"https:\/\/www.leapfrog.bio\/wp-content\/uploads\/2025\/11\/leapfrog-bio_hero.jpg\" data-bg-repeat=\"false\" data-bg-color=\"rgba(0,0,0,0.41)\" ><\/div><div class=\"fusion-fullwidth fullwidth-box fusion-builder-row-1 fusion-flex-container has-pattern-background has-mask-background fusion-parallax-right nonhundred-percent-fullwidth non-hundred-percent-height-scrolling\" style=\"--awb-background-position:center bottom;--awb-border-radius-top-left:0px;--awb-border-radius-top-right:0px;--awb-border-radius-bottom-right:0px;--awb-border-radius-bottom-left:0px;--awb-padding-top:60px;--awb-padding-bottom:60px;--awb-padding-top-small:40px;--awb-padding-bottom-small:30px;--awb-background-color:rgba(0,0,0,0.41);--awb-background-image:url(&quot;https:\/\/www.leapfrog.bio\/wp-content\/uploads\/2025\/11\/leapfrog-bio_hero.jpg&quot;);--awb-background-size:cover;--awb-flex-wrap:wrap;\" ><div class=\"fusion-builder-row fusion-row fusion-flex-align-items-flex-start fusion-flex-content-wrap\" style=\"max-width:1352px;margin-left: calc(-4% \/ 2 );margin-right: calc(-4% \/ 2 );\"><div class=\"fusion-layout-column fusion_builder_column fusion-builder-column-0 fusion_builder_column_1_1 1_1 fusion-flex-column\" style=\"--awb-bg-size:cover;--awb-width-large:100%;--awb-margin-top-large:0px;--awb-spacing-right-large:1.92%;--awb-margin-bottom-large:20px;--awb-spacing-left-large:1.92%;--awb-width-medium:100%;--awb-order-medium:0;--awb-spacing-right-medium:1.92%;--awb-spacing-left-medium:1.92%;--awb-width-small:100%;--awb-order-small:0;--awb-spacing-right-small:1.92%;--awb-spacing-left-small:1.92%;\"><div class=\"fusion-column-wrapper fusion-column-has-shadow fusion-flex-justify-content-flex-start fusion-content-layout-column\"><div class=\"fusion-text fusion-text-1\"><h1 class=\"white-text\">Recherche<\/h1>\n<\/div><\/div><\/div><\/div><\/div><div class=\"fusion-fullwidth fullwidth-box fusion-builder-row-2 fusion-flex-container has-pattern-background has-mask-background nonhundred-percent-fullwidth non-hundred-percent-height-scrolling\" style=\"--awb-border-radius-top-left:0px;--awb-border-radius-top-right:0px;--awb-border-radius-bottom-right:0px;--awb-border-radius-bottom-left:0px;--awb-padding-top:80px;--awb-padding-bottom:0px;--awb-padding-top-small:50px;--awb-flex-wrap:wrap;\" ><div class=\"fusion-builder-row fusion-row fusion-flex-align-items-flex-start fusion-flex-justify-content-center fusion-flex-content-wrap\" style=\"max-width:1352px;margin-left: calc(-4% \/ 2 );margin-right: calc(-4% \/ 2 );\"><div class=\"fusion-layout-column fusion_builder_column fusion-builder-column-1 fusion_builder_column_1_2 1_2 fusion-flex-column\" style=\"--awb-padding-right:60px;--awb-padding-right-small:0px;--awb-bg-size:cover;--awb-width-large:50%;--awb-margin-top-large:0px;--awb-spacing-right-large:3.84%;--awb-margin-bottom-large:20px;--awb-spacing-left-large:3.84%;--awb-width-medium:50%;--awb-order-medium:0;--awb-spacing-right-medium:3.84%;--awb-spacing-left-medium:3.84%;--awb-width-small:100%;--awb-order-small:0;--awb-spacing-right-small:1.92%;--awb-spacing-left-small:1.92%;\"><div class=\"fusion-column-wrapper fusion-column-has-shadow fusion-flex-justify-content-flex-start fusion-content-layout-column\"><div class=\"fusion-text fusion-text-2 fusion-animated\" style=\"--awb-content-alignment:left;\" data-animationtype=\"fadeInDown\" data-animationduration=\"1.4\" data-animationoffset=\"top-into-view\"><h2>S\u2019attaquer aux mutations avec perte de fonction dans le cancer<\/h2>\n<\/div><div class=\"fusion-text fusion-text-3 fusion-animated fusion-text-no-margin advancetherapeutics-subtext\" style=\"--awb-content-alignment:left;--awb-margin-bottom:40px;\" data-animationtype=\"fadeInLeft\" data-animationduration=\"1.4\" data-animationoffset=\"top-into-view\"><p>Des progr\u00e8s consid\u00e9rables ont \u00e9t\u00e9 r\u00e9alis\u00e9s dans notre compr\u00e9hension et le traitement du cancer. Diff\u00e9rentes approches biologiques et th\u00e9rapeutiques ont permis d\u2019am\u00e9liorer de fa\u00e7on significative les r\u00e9sultats cliniques. Certaines des avanc\u00e9es les plus marquantes reposent sur des th\u00e9rapies cibl\u00e9es con\u00e7ues pour traiter des cancers associ\u00e9s \u00e0 des mutations causales sp\u00e9cifiques dans des g\u00e8nes cl\u00e9s, appel\u00e9s g\u00e8nes conducteurs.<\/p>\n<\/div><div class=\"fusion-text fusion-text-4 fusion-animated fusion-text-no-margin advancetherapeutics-subtext\" style=\"--awb-content-alignment:left;--awb-margin-bottom:40px;\" data-animationtype=\"fadeInLeft\" data-animationduration=\"1.4\" data-animationoffset=\"top-into-view\"><p>Ces th\u00e9rapies ont g\u00e9n\u00e9ralement \u00e9t\u00e9 d\u00e9velopp\u00e9es pour traiter des cancers associ\u00e9s \u00e0 des mutations avec gain de fonction dans des g\u00e8nes conducteurs, qui favorisent l\u2019apparition et la progression de la maladie. Leur objectif est d\u2019inhiber la fonction nouvellement acquise du g\u00e8ne ou les voies de signalisation qu\u2019il active. Les g\u00e8nes conducteurs pr\u00e9sentant des mutations avec gain de fonction, aussi appel\u00e9s oncog\u00e8nes, sont responsables d\u2019environ 30 % des cancers.\n\nLa majorit\u00e9 des autres cancers sont plut\u00f4t li\u00e9s \u00e0 des mutations avec perte de fonction dans des g\u00e8nes conducteurs qui, en temps normal, jouent un r\u00f4le de suppression tumorale. Ces g\u00e8nes, appel\u00e9s g\u00e8nes suppresseurs de tumeurs, ne peuvent pas \u00eatre cibl\u00e9s directement lorsqu\u2019ils sont mut\u00e9s, puisque leur fonction est d\u00e9j\u00e0 inactive.<\/p>\n<\/div><\/div><\/div><div class=\"fusion-layout-column fusion_builder_column fusion-builder-column-2 fusion_builder_column_1_2 1_2 fusion-flex-column\" style=\"--awb-padding-right:60px;--awb-padding-right-small:0px;--awb-bg-size:cover;--awb-width-large:50%;--awb-margin-top-large:0px;--awb-spacing-right-large:3.84%;--awb-margin-bottom-large:20px;--awb-spacing-left-large:3.84%;--awb-width-medium:50%;--awb-order-medium:0;--awb-spacing-right-medium:3.84%;--awb-spacing-left-medium:3.84%;--awb-width-small:100%;--awb-order-small:0;--awb-spacing-right-small:1.92%;--awb-spacing-left-small:1.92%;\"><div class=\"fusion-column-wrapper fusion-column-has-shadow fusion-flex-justify-content-flex-start fusion-content-layout-column\"><div class=\"fusion-image-element\" style=\"text-align:center;--awb-caption-title-font-family:var(--h2_typography-font-family);--awb-caption-title-font-weight:var(--h2_typography-font-weight);--awb-caption-title-font-style:var(--h2_typography-font-style);--awb-caption-title-size:var(--h2_typography-font-size);--awb-caption-title-transform:var(--h2_typography-text-transform);--awb-caption-title-line-height:var(--h2_typography-line-height);--awb-caption-title-letter-spacing:var(--h2_typography-letter-spacing);\"><span class=\"fusion-imageframe imageframe-none imageframe-1 hover-type-none fusion-animated\" data-animationtype=\"fadeInLeft\" data-animationduration=\"1.4\" data-animationoffset=\"top-into-view\"><img decoding=\"async\" width=\"789\" height=\"625\" title=\"bioscience-tacklingcancer\" src=\"https:\/\/www.leapfrog.bio\/wp-content\/uploads\/2022\/09\/bioscience-tacklingcancer.jpg\" alt class=\"img-responsive wp-image-110\" srcset=\"https:\/\/www.leapfrog.bio\/wp-content\/uploads\/2022\/09\/bioscience-tacklingcancer-200x158.jpg 200w, https:\/\/www.leapfrog.bio\/wp-content\/uploads\/2022\/09\/bioscience-tacklingcancer-400x317.jpg 400w, https:\/\/www.leapfrog.bio\/wp-content\/uploads\/2022\/09\/bioscience-tacklingcancer-600x475.jpg 600w, https:\/\/www.leapfrog.bio\/wp-content\/uploads\/2022\/09\/bioscience-tacklingcancer.jpg 789w\" sizes=\"(max-width: 960px) 100vw, 600px\" \/><\/span><\/div><\/div><\/div><\/div><\/div><div class=\"fusion-fullwidth fullwidth-box fusion-builder-row-3 fusion-flex-container has-pattern-background has-mask-background fusion-parallax-none nonhundred-percent-fullwidth non-hundred-percent-height-scrolling\" style=\"--awb-background-position:right center;--awb-background-position-small:center center;--awb-border-radius-top-left:0px;--awb-border-radius-top-right:0px;--awb-border-radius-bottom-right:0px;--awb-border-radius-bottom-left:0px;--awb-padding-top:80px;--awb-padding-bottom:80px;--awb-padding-top-small:50px;--awb-padding-bottom-small:50px;--awb-background-color:var(--awb-color5);--awb-background-image:url(&quot;https:\/\/www.leapfrog.bio\/wp-content\/uploads\/2022\/09\/accelerating-synthetic-background2.jpg&quot;);--awb-background-size:cover;--awb-background-size-small:cover;--awb-flex-wrap:wrap;\" ><div class=\"fusion-builder-row fusion-row fusion-flex-align-items-flex-start fusion-flex-content-wrap\" style=\"max-width:1352px;margin-left: calc(-4% \/ 2 );margin-right: calc(-4% \/ 2 );\"><div class=\"fusion-layout-column fusion_builder_column fusion-builder-column-3 fusion_builder_column_3_5 3_5 fusion-flex-column\" style=\"--awb-bg-size:cover;--awb-width-large:60%;--awb-margin-top-large:0px;--awb-spacing-right-large:3.2%;--awb-margin-bottom-large:20px;--awb-spacing-left-large:3.2%;--awb-width-medium:60%;--awb-order-medium:0;--awb-spacing-right-medium:3.2%;--awb-spacing-left-medium:3.2%;--awb-width-small:100%;--awb-order-small:0;--awb-spacing-right-small:1.92%;--awb-spacing-left-small:1.92%;\"><div class=\"fusion-column-wrapper fusion-column-has-shadow fusion-flex-justify-content-flex-start fusion-content-layout-column\"><\/div><\/div><div class=\"fusion-layout-column fusion_builder_column fusion-builder-column-4 fusion_builder_column_2_5 2_5 fusion-flex-column fusion-flex-align-self-stretch fusion-animated\" style=\"--awb-padding-right:60px;--awb-padding-right-small:0px;--awb-bg-size:cover;--awb-width-large:40%;--awb-margin-top-large:0px;--awb-spacing-right-large:4.8%;--awb-margin-bottom-large:20px;--awb-spacing-left-large:4.8%;--awb-width-medium:40%;--awb-order-medium:0;--awb-spacing-right-medium:4.8%;--awb-spacing-left-medium:4.8%;--awb-width-small:100%;--awb-order-small:0;--awb-spacing-right-small:1.92%;--awb-spacing-left-small:1.92%;\" data-animationtype=\"fadeInLeft\" data-animationduration=\"1.4\" data-animationoffset=\"top-into-view\"><div class=\"fusion-column-wrapper fusion-column-has-shadow fusion-flex-justify-content-center fusion-content-layout-column\"><div class=\"fusion-text fusion-text-5 fusion-text-no-margin\" style=\"--awb-content-alignment:left;--awb-margin-bottom:25px;\"><h2 class=\"white-text\">Acc\u00e9l\u00e9rer les avanc\u00e9es en l\u00e9talit\u00e9 synth\u00e9tique<\/h2>\n<\/div><div class=\"fusion-text fusion-text-6 advancetherapeutics-subtext\" style=\"--awb-font-size:18px;--awb-line-height:1.5;--awb-text-color:var(--awb-color1);\"><p>La l\u00e9talit\u00e9 synth\u00e9tique offre une voie prometteuse pour traiter les cancers associ\u00e9s \u00e0 des mutations avec perte de fonction. Une relation de l\u00e9talit\u00e9 synth\u00e9tique se produit lorsque la perte de fonction simultan\u00e9e de deux g\u00e8nes entra\u00eene la mort cellulaire, alors que la perte de fonction d\u2019un seul de ces g\u00e8nes n\u2019a pas cet effet.\n\nComme les cellules canc\u00e9reuses pr\u00e9sentent d\u00e9j\u00e0 des alt\u00e9rations g\u00e9n\u00e9tiques, une strat\u00e9gie consiste \u00e0 identifier puis \u00e0 cibler pharmacologiquement un partenaire synth\u00e9tiquement l\u00e9tal d\u2019un de ces g\u00e8nes. Les th\u00e9rapies reposant sur cette approche, comme les inhibiteurs de PARP, permettent de traiter efficacement certains cancers tout en limitant les effets toxiques sur les cellules normales.<\/p>\n<\/div><\/div><\/div><\/div><\/div><div class=\"fusion-fullwidth fullwidth-box fusion-builder-row-4 fusion-flex-container has-pattern-background has-mask-background fusion-parallax-none leapfrogging-background nonhundred-percent-fullwidth non-hundred-percent-height-scrolling\" style=\"--awb-background-position:left top;--awb-background-blend-mode:color-dodge;--awb-border-sizes-bottom:10px;--awb-border-radius-top-left:0px;--awb-border-radius-top-right:0px;--awb-border-radius-bottom-right:0px;--awb-border-radius-bottom-left:0px;--awb-padding-top:80px;--awb-padding-right:0px;--awb-padding-bottom:40px;--awb-padding-top-small:50px;--awb-padding-right-small:30px;--awb-margin-bottom:0px;--awb-background-image:url(&quot;https:\/\/www.leapfrog.bio\/wp-content\/uploads\/2022\/09\/platform-white-graycircle-300x182.gif&quot;);--awb-background-size:cover;--awb-flex-wrap:wrap;\" ><div class=\"fusion-builder-row fusion-row fusion-flex-align-items-flex-start fusion-flex-content-wrap\" style=\"max-width:1352px;margin-left: calc(-4% \/ 2 );margin-right: calc(-4% \/ 2 );\"><div class=\"fusion-layout-column fusion_builder_column fusion-builder-column-5 fusion_builder_column_1_2 1_2 fusion-flex-column\" style=\"--awb-bg-size:cover;--awb-width-large:50%;--awb-margin-top-large:0px;--awb-spacing-right-large:3.84%;--awb-margin-bottom-large:20px;--awb-spacing-left-large:3.84%;--awb-width-medium:50%;--awb-order-medium:0;--awb-spacing-right-medium:3.84%;--awb-spacing-left-medium:3.84%;--awb-width-small:100%;--awb-order-small:0;--awb-spacing-right-small:1.92%;--awb-spacing-left-small:1.92%;\"><div class=\"fusion-column-wrapper fusion-column-has-shadow fusion-flex-justify-content-flex-start fusion-content-layout-column\"><div class=\"fusion-text fusion-text-7 fusion-animated\" data-animationtype=\"fadeInDown\" data-animationduration=\"1.4\" data-animationoffset=\"top-into-view\"><h2>R\u00e9inventer les approches traditionnelles de l\u00e9talit\u00e9 synth\u00e9tique<\/h2>\n<\/div><div class=\"fusion-image-element\" style=\"--awb-caption-title-font-family:var(--h2_typography-font-family);--awb-caption-title-font-weight:var(--h2_typography-font-weight);--awb-caption-title-font-style:var(--h2_typography-font-style);--awb-caption-title-size:var(--h2_typography-font-size);--awb-caption-title-transform:var(--h2_typography-text-transform);--awb-caption-title-line-height:var(--h2_typography-line-height);--awb-caption-title-letter-spacing:var(--h2_typography-letter-spacing);\"><span class=\"fusion-imageframe imageframe-none imageframe-2 hover-type-none fusion-animated\" data-animationtype=\"fadeInDown\" data-animationduration=\"1.4\" data-animationoffset=\"top-into-view\"><img decoding=\"async\" width=\"60\" height=\"4\" title=\"image_dashes\" src=\"https:\/\/www.leapfrog.bio\/wp-content\/uploads\/2025\/11\/image_dashes.png\" alt class=\"img-responsive wp-image-481\"\/><\/span><\/div><div class=\"fusion-text fusion-text-8 fusion-animated\" data-animationtype=\"fadeInLeft\" data-animationduration=\"1.4\" data-animationoffset=\"top-into-view\"><p>Leapfrog red\u00e9finit la fa\u00e7on dont les th\u00e9rapies cibl\u00e9es sur le plan g\u00e9n\u00e9tique sont d\u00e9couvertes pour les cancers associ\u00e9s \u00e0 des mutations avec perte de fonction. Les approches conventionnelles de l\u00e9talit\u00e9 synth\u00e9tique reposent sur des invalidations g\u00e9n\u00e9tiques, \u00e0 la fois pour reproduire la mutation causale et pour \u00e9valuer des cibles th\u00e9rapeutiques potentielles.\n\nOr, les m\u00e9dicaments reproduisent rarement les effets d\u2019une invalidation g\u00e9n\u00e9tique et peuvent avoir des impacts cliniquement significatifs qui ne sont pas observ\u00e9s avec ce type d\u2019approche. Notre plateforme OncoSLX surmonte ces limites gr\u00e2ce \u00e0 une strat\u00e9gie pharmacog\u00e9n\u00e9tique avanc\u00e9e et hautement optimis\u00e9e, qui permet d\u2019\u00e9valuer l\u2019ensemble des effets biologiques des m\u00e9dicaments en synergie avec les m\u00eames perturbations causales qui sont \u00e0 l\u2019origine des tumeurs humaines.<\/p>\n<\/div><div class=\"fusion-text fusion-text-9 fusion-animated\" data-animationtype=\"fadeInLeft\" data-animationduration=\"1.4\" data-animationoffset=\"top-into-view\"><p>Les m\u00e9dicaments font bien plus que simplement \u00e9liminer une prot\u00e9ine : ils peuvent bloquer des activit\u00e9s enzymatiques sp\u00e9cifiques, moduler des domaines fonctionnels distincts, modifier des \u00e9tats de modification post-traductionnelle propres \u00e0 certains contextes cellulaires ou encore inhiber simultan\u00e9ment plusieurs prot\u00e9ines.\n\nLes inhibiteurs de PARP illustrent bien ce principe : leur forte synergie avec la perte de fonction de BRCA1 ne repose pas sur une simple reproduction d\u2019une invalidation de PARP1, mais sur leur capacit\u00e9 \u00e0 pi\u00e9ger PARP sur l\u2019ADN \u2014 un m\u00e9canisme qui \u00e9chappe aux approches classiques de l\u00e9talit\u00e9 synth\u00e9tique.\n\nEn testant directement la biologie des m\u00e9dicaments en fonction des v\u00e9ritables mutations conductrices, OncoSLX permet de capter ces nuances pharmacologiques et de g\u00e9n\u00e9rer des r\u00e9sultats qui se traduisent en b\u00e9n\u00e9fices pour les patients.<\/p>\n<\/div><\/div><\/div><div class=\"fusion-layout-column fusion_builder_column fusion-builder-column-6 fusion_builder_column_1_2 1_2 fusion-flex-column\" style=\"--awb-bg-size:cover;--awb-width-large:50%;--awb-margin-top-large:0px;--awb-spacing-right-large:3.84%;--awb-margin-bottom-large:20px;--awb-spacing-left-large:3.84%;--awb-width-medium:50%;--awb-order-medium:0;--awb-spacing-right-medium:3.84%;--awb-spacing-left-medium:3.84%;--awb-width-small:100%;--awb-order-small:0;--awb-spacing-right-small:1.92%;--awb-spacing-left-small:1.92%;\"><div class=\"fusion-column-wrapper fusion-column-has-shadow fusion-flex-justify-content-flex-start fusion-content-layout-column\"><div class=\"fusion-image-element\" style=\"text-align:center;--awb-caption-title-font-family:var(--h2_typography-font-family);--awb-caption-title-font-weight:var(--h2_typography-font-weight);--awb-caption-title-font-style:var(--h2_typography-font-style);--awb-caption-title-size:var(--h2_typography-font-size);--awb-caption-title-transform:var(--h2_typography-text-transform);--awb-caption-title-line-height:var(--h2_typography-line-height);--awb-caption-title-letter-spacing:var(--h2_typography-letter-spacing);\"><span class=\"fusion-imageframe imageframe-none imageframe-3 hover-type-none fusion-animated\" data-animationtype=\"fadeInLeft\" data-animationduration=\"1.4\" data-animationoffset=\"top-into-view\"><img decoding=\"async\" width=\"2500\" height=\"1667\" title=\"micropipettes\" src=\"https:\/\/www.leapfrog.bio\/wp-content\/uploads\/2025\/11\/micropipettes.jpg\" alt class=\"img-responsive wp-image-424\" srcset=\"https:\/\/www.leapfrog.bio\/wp-content\/uploads\/2025\/11\/micropipettes-200x133.jpg 200w, https:\/\/www.leapfrog.bio\/wp-content\/uploads\/2025\/11\/micropipettes-400x267.jpg 400w, https:\/\/www.leapfrog.bio\/wp-content\/uploads\/2025\/11\/micropipettes-600x400.jpg 600w, https:\/\/www.leapfrog.bio\/wp-content\/uploads\/2025\/11\/micropipettes-800x533.jpg 800w, https:\/\/www.leapfrog.bio\/wp-content\/uploads\/2025\/11\/micropipettes-1200x800.jpg 1200w, https:\/\/www.leapfrog.bio\/wp-content\/uploads\/2025\/11\/micropipettes.jpg 2500w\" sizes=\"(max-width: 960px) 100vw, 800px\" \/><\/span><\/div><\/div><\/div><\/div><\/div><\/p>","protected":false},"excerpt":{"rendered":"","protected":false},"author":2,"featured_media":0,"parent":0,"menu_order":0,"comment_status":"closed","ping_status":"closed","template":"100-width.php","meta":{"footnotes":"","_links_to":"","_links_to_target":""},"class_list":["post-42","page","type-page","status-publish","hentry"],"yoast_head":"<!-- This site is optimized with the Yoast SEO plugin v24.1 - https:\/\/yoast.com\/wordpress\/plugins\/seo\/ -->\n<title>Science - Leapfrog Bio<\/title>\n<meta name=\"robots\" content=\"index, follow, max-snippet:-1, max-image-preview:large, max-video-preview:-1\" \/>\n<link rel=\"canonical\" href=\"https:\/\/www.leapfrog.bio\/fr\/science\/\" \/>\n<meta property=\"og:locale\" content=\"fr_CA\" \/>\n<meta property=\"og:type\" content=\"article\" \/>\n<meta property=\"og:title\" content=\"Science - Leapfrog Bio\" \/>\n<meta property=\"og:url\" content=\"https:\/\/www.leapfrog.bio\/fr\/science\/\" \/>\n<meta property=\"og:site_name\" content=\"Leapfrog Bio\" \/>\n<meta property=\"article:modified_time\" content=\"2025-12-01T21:25:50+00:00\" \/>\n<meta name=\"twitter:card\" content=\"summary_large_image\" \/>\n<meta name=\"twitter:label1\" content=\"Estimation du temps de lecture\" \/>\n\t<meta name=\"twitter:data1\" content=\"2 minutes\" \/>\n<script type=\"application\/ld+json\" class=\"yoast-schema-graph\">{\"@context\":\"https:\/\/schema.org\",\"@graph\":[{\"@type\":\"WebPage\",\"@id\":\"https:\/\/www.leapfrog.bio\/science\/\",\"url\":\"https:\/\/www.leapfrog.bio\/science\/\",\"name\":\"Science - Leapfrog Bio\",\"isPartOf\":{\"@id\":\"https:\/\/www.leapfrog.bio\/#website\"},\"datePublished\":\"2022-08-04T04:22:10+00:00\",\"dateModified\":\"2025-12-01T21:25:50+00:00\",\"breadcrumb\":{\"@id\":\"https:\/\/www.leapfrog.bio\/science\/#breadcrumb\"},\"inLanguage\":\"fr-CA\",\"potentialAction\":[{\"@type\":\"ReadAction\",\"target\":[\"https:\/\/www.leapfrog.bio\/science\/\"]}]},{\"@type\":\"BreadcrumbList\",\"@id\":\"https:\/\/www.leapfrog.bio\/science\/#breadcrumb\",\"itemListElement\":[{\"@type\":\"ListItem\",\"position\":1,\"name\":\"Home\",\"item\":\"https:\/\/www.leapfrog.bio\/\"},{\"@type\":\"ListItem\",\"position\":2,\"name\":\"Science\"}]},{\"@type\":\"WebSite\",\"@id\":\"https:\/\/www.leapfrog.bio\/#website\",\"url\":\"https:\/\/www.leapfrog.bio\/\",\"name\":\"Leapfrog Bio\",\"description\":\"\",\"publisher\":{\"@id\":\"https:\/\/www.leapfrog.bio\/#organization\"},\"potentialAction\":[{\"@type\":\"SearchAction\",\"target\":{\"@type\":\"EntryPoint\",\"urlTemplate\":\"https:\/\/www.leapfrog.bio\/?s={search_term_string}\"},\"query-input\":{\"@type\":\"PropertyValueSpecification\",\"valueRequired\":true,\"valueName\":\"search_term_string\"}}],\"inLanguage\":\"fr-CA\"},{\"@type\":\"Organization\",\"@id\":\"https:\/\/www.leapfrog.bio\/#organization\",\"name\":\"Leapfrog Bio\",\"url\":\"https:\/\/www.leapfrog.bio\/\",\"logo\":{\"@type\":\"ImageObject\",\"inLanguage\":\"fr-CA\",\"@id\":\"https:\/\/www.leapfrog.bio\/#\/schema\/logo\/image\/\",\"url\":\"https:\/\/www.leapfrog.bio\/wp-content\/uploads\/2022\/09\/leapfrogbio-logo-retina1.png\",\"contentUrl\":\"https:\/\/www.leapfrog.bio\/wp-content\/uploads\/2022\/09\/leapfrogbio-logo-retina1.png\",\"width\":510,\"height\":90,\"caption\":\"Leapfrog Bio\"},\"image\":{\"@id\":\"https:\/\/www.leapfrog.bio\/#\/schema\/logo\/image\/\"}}]}<\/script>\n<!-- \/ Yoast SEO plugin. -->","yoast_head_json":{"title":"Science - Leapfrog Bio","robots":{"index":"index","follow":"follow","max-snippet":"max-snippet:-1","max-image-preview":"max-image-preview:large","max-video-preview":"max-video-preview:-1"},"canonical":"https:\/\/www.leapfrog.bio\/fr\/science\/","og_locale":"fr_CA","og_type":"article","og_title":"Science - Leapfrog Bio","og_url":"https:\/\/www.leapfrog.bio\/fr\/science\/","og_site_name":"Leapfrog Bio","article_modified_time":"2025-12-01T21:25:50+00:00","twitter_card":"summary_large_image","twitter_misc":{"Estimation du temps de lecture":"2 minutes"},"schema":{"@context":"https:\/\/schema.org","@graph":[{"@type":"WebPage","@id":"https:\/\/www.leapfrog.bio\/science\/","url":"https:\/\/www.leapfrog.bio\/science\/","name":"Science - Leapfrog Bio","isPartOf":{"@id":"https:\/\/www.leapfrog.bio\/#website"},"datePublished":"2022-08-04T04:22:10+00:00","dateModified":"2025-12-01T21:25:50+00:00","breadcrumb":{"@id":"https:\/\/www.leapfrog.bio\/science\/#breadcrumb"},"inLanguage":"fr-CA","potentialAction":[{"@type":"ReadAction","target":["https:\/\/www.leapfrog.bio\/science\/"]}]},{"@type":"BreadcrumbList","@id":"https:\/\/www.leapfrog.bio\/science\/#breadcrumb","itemListElement":[{"@type":"ListItem","position":1,"name":"Home","item":"https:\/\/www.leapfrog.bio\/"},{"@type":"ListItem","position":2,"name":"Science"}]},{"@type":"WebSite","@id":"https:\/\/www.leapfrog.bio\/#website","url":"https:\/\/www.leapfrog.bio\/","name":"Leapfrog Bio","description":"","publisher":{"@id":"https:\/\/www.leapfrog.bio\/#organization"},"potentialAction":[{"@type":"SearchAction","target":{"@type":"EntryPoint","urlTemplate":"https:\/\/www.leapfrog.bio\/?s={search_term_string}"},"query-input":{"@type":"PropertyValueSpecification","valueRequired":true,"valueName":"search_term_string"}}],"inLanguage":"fr-CA"},{"@type":"Organization","@id":"https:\/\/www.leapfrog.bio\/#organization","name":"Leapfrog Bio","url":"https:\/\/www.leapfrog.bio\/","logo":{"@type":"ImageObject","inLanguage":"fr-CA","@id":"https:\/\/www.leapfrog.bio\/#\/schema\/logo\/image\/","url":"https:\/\/www.leapfrog.bio\/wp-content\/uploads\/2022\/09\/leapfrogbio-logo-retina1.png","contentUrl":"https:\/\/www.leapfrog.bio\/wp-content\/uploads\/2022\/09\/leapfrogbio-logo-retina1.png","width":510,"height":90,"caption":"Leapfrog Bio"},"image":{"@id":"https:\/\/www.leapfrog.bio\/#\/schema\/logo\/image\/"}}]}},"featured_image_src":null,"featured_image_src_square":null,"_links":{"self":[{"href":"https:\/\/www.leapfrog.bio\/fr\/wp-json\/wp\/v2\/pages\/42","targetHints":{"allow":["GET"]}}],"collection":[{"href":"https:\/\/www.leapfrog.bio\/fr\/wp-json\/wp\/v2\/pages"}],"about":[{"href":"https:\/\/www.leapfrog.bio\/fr\/wp-json\/wp\/v2\/types\/page"}],"author":[{"embeddable":true,"href":"https:\/\/www.leapfrog.bio\/fr\/wp-json\/wp\/v2\/users\/2"}],"replies":[{"embeddable":true,"href":"https:\/\/www.leapfrog.bio\/fr\/wp-json\/wp\/v2\/comments?post=42"}],"version-history":[{"count":8,"href":"https:\/\/www.leapfrog.bio\/fr\/wp-json\/wp\/v2\/pages\/42\/revisions"}],"predecessor-version":[{"id":595,"href":"https:\/\/www.leapfrog.bio\/fr\/wp-json\/wp\/v2\/pages\/42\/revisions\/595"}],"wp:attachment":[{"href":"https:\/\/www.leapfrog.bio\/fr\/wp-json\/wp\/v2\/media?parent=42"}],"curies":[{"name":"wp","href":"https:\/\/api.w.org\/{rel}","templated":true}]}}